{"id":72,"date":"2023-01-11T10:57:31","date_gmt":"2023-01-11T09:57:31","guid":{"rendered":"https:\/\/pacaudvignerons.fr\/?page_id=72"},"modified":"2026-04-21T16:36:45","modified_gmt":"2026-04-21T14:36:45","slug":"une-approche-pour-chaque-parcelle","status":"publish","type":"page","link":"https:\/\/pacaudvignerons.fr\/en\/une-approche-pour-chaque-parcelle\/","title":{"rendered":"AN APPROACH FOR EACH PARCEL"},"content":{"rendered":"<div class=\"pacaud__block__text pacaud__block__text__gold\">\n    <div class=\"pacaud__block__text__content\">\n        As soon as he started the business in 2014, Julien was aware of the importance of the ecosystem that accompanies each parcel: \"I was convinced that you can't make good wines without having grapes that are nourished by their soil\"    <\/div>\n<\/div>\n\n\n\n<div class=\"pacaud__block__two-columns pacaud__block__two-columns__img-gauche\">\n    <div class=\"pacaud__block__two-columns__text\">\n        <div class=\"pacaud__block__two-columns__text__content\">\n            <p>Cela peut para\u00eetre \u00e9vident mais ce n\u2019est plus toujours le cas. Le sol doit rester vivant : les min\u00e9raux qui alimentent les plantes proviennent de la d\u00e9gradation des mati\u00e8res organiques par les organismes et micros organismes du sol. C&rsquo;est pourquoi, nous travaillons chaque sol sans contrarier l\u2019\u00e9cosyst\u00e8me existant. Certaines parcelles n\u00e9cessitent un labour au cheval.<\/p>\n        <\/div>\n    <\/div>\n    <div class=\"pacaud__block__two-columns__images\">\n                    <img decoding=\"async\" class=\"pacaud__block__two-columns__images__one\" src=\"https:\/\/pacaudvignerons.fr\/wp-content\/uploads\/2023\/02\/17554430_1020794984722333_2668457794567434669_n.jpg\"\n                 alt=\"\">\n            <\/div>\n<\/div>\n\n\n<div class=\"pacaud__block__two-columns pacaud__block__two-columns__img-right\">\n    <div class=\"pacaud__block__two-columns__text\">\n        <div class=\"pacaud__block__two-columns__text__content\">\n            <p>We're lucky enough to have vines with hedges or on the edge of forests; we're thinking about planting certain tree species around the vines... to protect each ecosystem: \"\u00a0<em>the more 'people' there are in it - plants and animals - the richer the environment and therefore the more beneficial it is for the vines<\/em>\"\u00a0<\/p>\n        <\/div>\n    <\/div>\n    <div class=\"pacaud__block__two-columns__images\">\n                    <img decoding=\"async\" class=\"pacaud__block__two-columns__images__one\" src=\"https:\/\/pacaudvignerons.fr\/wp-content\/uploads\/2023\/08\/MaximeMassa_Pacaud-05736-scaled.jpg\"\n                 alt=\"\">\n            <\/div>\n<\/div>\n\n\n<div class=\"pacaud__block__text pacaud__block__text__gold--green\">\n    <div class=\"pacaud__block__text__content\">\n        We have to make the right choices to ensure that the vines live fully in their environment and give the best of themselves.    <\/div>\n<\/div>\n\n\n\n<div class=\"pacaud__block__two-columns pacaud__block__two-columns__img-gauche\">\n    <div class=\"pacaud__block__two-columns__text\">\n        <div class=\"pacaud__block__two-columns__text__content\">\n            <p>Certains sols ne supportent pas la concurrence. Nous devons n\u00e9cessairement adapter nos m\u00e9thodes culturales en fonction : couvert v\u00e9g\u00e9tal, labour en plein superficiel, \u00e9limination des herbes, griffage, piochage, traitements,\u2026chaque action est r\u00e9fl\u00e9chie et mesur\u00e9e. Nous sommes la cl\u00e9 de l\u2019\u00e9quilibre. Celui-ci nous permet d\u2019obtenir un bel \u00e9quilibre pour chacun de nos vins. C\u2019est de cette fa\u00e7on que nous pensons retranscrire pleinement la subtilit\u00e9 de chaque terroir !<\/p>\n        <\/div>\n    <\/div>\n    <div class=\"pacaud__block__two-columns__images\">\n                    <img decoding=\"async\" class=\"pacaud__block__two-columns__images__one\" src=\"https:\/\/pacaudvignerons.fr\/wp-content\/uploads\/2023\/02\/19875199_1087212284747269_8693797248465812392_n.jpg\"\n                 alt=\"\">\n            <\/div>\n<\/div>\n\n\n<div class=\"pacaud__block__title-image\">\n    <div class=\"pacaud__block__title-image__img__container\">\n        <img decoding=\"async\" class=\"pacaud__block__title-image__img-left\" src=\"https:\/\/pacaudvignerons.fr\/wp-content\/uploads\/2023\/08\/MaximeMassa_Pacaud-05711-scaled.jpg\"\n             alt=\"\">\n        <img decoding=\"async\" class=\"pacaud__block__title-image__img-right\" src=\"https:\/\/pacaudvignerons.fr\/wp-content\/uploads\/2023\/08\/MaximeMassa_Pacaud-05726-scaled.jpg\"\n             alt=\"\">\n    <\/div>\n    <div class=\"pacaud__block__title-image__text\">\n        <div class=\"pacaud__block__title-image__first-line\">\n            It's all about        <\/div>\n        <div class=\"pacaud__block__title-image__second-line\">\n            balance        <\/div>\n    <\/div>\n<\/div>","protected":false},"excerpt":{"rendered":"","protected":false},"author":1,"featured_media":14020,"parent":0,"menu_order":0,"comment_status":"closed","ping_status":"closed","template":"","meta":{"footnotes":""},"class_list":["post-72","page","type-page","status-publish","has-post-thumbnail","hentry"],"acf":[],"yoast_head":"<!-- This site is optimized with the Yoast SEO plugin v20.1 - https:\/\/yoast.com\/wordpress\/plugins\/seo\/ -->\n<title>Pacaud Vignerons | Une approche pour chaque parcelle<\/title>\n<meta name=\"description\" content=\"Depuis 2014, Julien a conscience de l\u2019\u00e9cosyst\u00e8me de chaque parcelle : \u00abon ne peut faire de bons vins sans avoir des raisins nourris par leur sol&quot;.\" \/>\n<meta name=\"robots\" content=\"index, follow, max-snippet:-1, max-image-preview:large, max-video-preview:-1\" \/>\n<link rel=\"canonical\" href=\"https:\/\/pacaudvignerons.fr\/en\/une-approche-pour-chaque-parcelle\/\" \/>\n<meta property=\"og:locale\" content=\"en_GB\" \/>\n<meta property=\"og:type\" content=\"article\" \/>\n<meta property=\"og:title\" content=\"Pacaud Vignerons | Une approche pour chaque parcelle\" \/>\n<meta property=\"og:description\" content=\"Depuis 2014, Julien a conscience de l\u2019\u00e9cosyst\u00e8me de chaque parcelle : \u00abon ne peut faire de bons vins sans avoir des raisins nourris par leur sol&quot;.\" \/>\n<meta property=\"og:url\" content=\"https:\/\/pacaudvignerons.fr\/en\/une-approche-pour-chaque-parcelle\/\" \/>\n<meta property=\"og:site_name\" content=\"Pacaud Vignerons\" \/>\n<meta property=\"article:publisher\" content=\"https:\/\/www.facebook.com\/domainepacaudjulien\/\" \/>\n<meta property=\"article:modified_time\" content=\"2026-04-21T14:36:45+00:00\" \/>\n<meta property=\"og:image\" content=\"https:\/\/pacaudvignerons.fr\/wp-content\/uploads\/2023\/08\/MaximeMassa_Pacaud-05780.jpg\" \/>\n\t<meta property=\"og:image:width\" content=\"1440\" \/>\n\t<meta property=\"og:image:height\" content=\"960\" \/>\n\t<meta property=\"og:image:type\" content=\"image\/jpeg\" \/>\n<meta name=\"twitter:card\" content=\"summary_large_image\" \/>\n<script type=\"application\/ld+json\" class=\"yoast-schema-graph\">{\"@context\":\"https:\/\/schema.org\",\"@graph\":[{\"@type\":\"WebPage\",\"@id\":\"https:\/\/pacaudvignerons.fr\/une-approche-pour-chaque-parcelle\/\",\"url\":\"https:\/\/pacaudvignerons.fr\/une-approche-pour-chaque-parcelle\/\",\"name\":\"Pacaud Vignerons | Une approche pour chaque parcelle\",\"isPartOf\":{\"@id\":\"https:\/\/pacaudvignerons.fr\/#website\"},\"datePublished\":\"2023-01-11T09:57:31+00:00\",\"dateModified\":\"2026-04-21T14:36:45+00:00\",\"description\":\"Depuis 2014, Julien a conscience de l\u2019\u00e9cosyst\u00e8me de chaque parcelle : \u00abon ne peut faire de bons vins sans avoir des raisins nourris par leur sol\\\".\",\"breadcrumb\":{\"@id\":\"https:\/\/pacaudvignerons.fr\/une-approche-pour-chaque-parcelle\/#breadcrumb\"},\"inLanguage\":\"en-GB\",\"potentialAction\":[{\"@type\":\"ReadAction\",\"target\":[\"https:\/\/pacaudvignerons.fr\/une-approche-pour-chaque-parcelle\/\"]}]},{\"@type\":\"BreadcrumbList\",\"@id\":\"https:\/\/pacaudvignerons.fr\/une-approche-pour-chaque-parcelle\/#breadcrumb\",\"itemListElement\":[{\"@type\":\"ListItem\",\"position\":1,\"name\":\"Accueil\",\"item\":\"https:\/\/pacaudvignerons.fr\/\"},{\"@type\":\"ListItem\",\"position\":2,\"name\":\"Une approche pour chaque parcelle\"}]},{\"@type\":\"WebSite\",\"@id\":\"https:\/\/pacaudvignerons.fr\/#website\",\"url\":\"https:\/\/pacaudvignerons.fr\/\",\"name\":\"Domaine Pacaud Vignerons\",\"description\":\"Deux fr\u00e8res dans leur territoire\",\"publisher\":{\"@id\":\"https:\/\/pacaudvignerons.fr\/#organization\"},\"potentialAction\":[{\"@type\":\"SearchAction\",\"target\":{\"@type\":\"EntryPoint\",\"urlTemplate\":\"https:\/\/pacaudvignerons.fr\/?s={search_term_string}\"},\"query-input\":\"required name=search_term_string\"}],\"inLanguage\":\"en-GB\"},{\"@type\":\"Organization\",\"@id\":\"https:\/\/pacaudvignerons.fr\/#organization\",\"name\":\"Domaine Pacaud Vignerons\",\"url\":\"https:\/\/pacaudvignerons.fr\/\",\"logo\":{\"@type\":\"ImageObject\",\"inLanguage\":\"en-GB\",\"@id\":\"https:\/\/pacaudvignerons.fr\/#\/schema\/logo\/image\/\",\"url\":\"https:\/\/pacaudvignerons.fr\/wp-content\/uploads\/2023\/02\/cropped-logo-pacaud-line.png\",\"contentUrl\":\"https:\/\/pacaudvignerons.fr\/wp-content\/uploads\/2023\/02\/cropped-logo-pacaud-line.png\",\"width\":512,\"height\":512,\"caption\":\"Domaine Pacaud Vignerons\"},\"image\":{\"@id\":\"https:\/\/pacaudvignerons.fr\/#\/schema\/logo\/image\/\"},\"sameAs\":[\"https:\/\/www.facebook.com\/domainepacaudjulien\/\",\"https:\/\/www.instagram.com\/domainepacaud\/\"]}]}<\/script>\n<!-- \/ Yoast SEO plugin. -->","yoast_head_json":{"title":"Pacaud Vignerons | Une approche pour chaque parcelle","description":"Depuis 2014, Julien a conscience de l\u2019\u00e9cosyst\u00e8me de chaque parcelle : \u00abon ne peut faire de bons vins sans avoir des raisins nourris par leur sol\".","robots":{"index":"index","follow":"follow","max-snippet":"max-snippet:-1","max-image-preview":"max-image-preview:large","max-video-preview":"max-video-preview:-1"},"canonical":"https:\/\/pacaudvignerons.fr\/en\/une-approche-pour-chaque-parcelle\/","og_locale":"en_GB","og_type":"article","og_title":"Pacaud Vignerons | Une approche pour chaque parcelle","og_description":"Depuis 2014, Julien a conscience de l\u2019\u00e9cosyst\u00e8me de chaque parcelle : \u00abon ne peut faire de bons vins sans avoir des raisins nourris par leur sol\".","og_url":"https:\/\/pacaudvignerons.fr\/en\/une-approche-pour-chaque-parcelle\/","og_site_name":"Pacaud Vignerons","article_publisher":"https:\/\/www.facebook.com\/domainepacaudjulien\/","article_modified_time":"2026-04-21T14:36:45+00:00","og_image":[{"width":1440,"height":960,"url":"https:\/\/pacaudvignerons.fr\/wp-content\/uploads\/2023\/08\/MaximeMassa_Pacaud-05780.jpg","type":"image\/jpeg"}],"twitter_card":"summary_large_image","schema":{"@context":"https:\/\/schema.org","@graph":[{"@type":"WebPage","@id":"https:\/\/pacaudvignerons.fr\/une-approche-pour-chaque-parcelle\/","url":"https:\/\/pacaudvignerons.fr\/une-approche-pour-chaque-parcelle\/","name":"Pacaud Vignerons | Une approche pour chaque parcelle","isPartOf":{"@id":"https:\/\/pacaudvignerons.fr\/#website"},"datePublished":"2023-01-11T09:57:31+00:00","dateModified":"2026-04-21T14:36:45+00:00","description":"Depuis 2014, Julien a conscience de l\u2019\u00e9cosyst\u00e8me de chaque parcelle : \u00abon ne peut faire de bons vins sans avoir des raisins nourris par leur sol\".","breadcrumb":{"@id":"https:\/\/pacaudvignerons.fr\/une-approche-pour-chaque-parcelle\/#breadcrumb"},"inLanguage":"en-GB","potentialAction":[{"@type":"ReadAction","target":["https:\/\/pacaudvignerons.fr\/une-approche-pour-chaque-parcelle\/"]}]},{"@type":"BreadcrumbList","@id":"https:\/\/pacaudvignerons.fr\/une-approche-pour-chaque-parcelle\/#breadcrumb","itemListElement":[{"@type":"ListItem","position":1,"name":"Accueil","item":"https:\/\/pacaudvignerons.fr\/"},{"@type":"ListItem","position":2,"name":"Une approche pour chaque parcelle"}]},{"@type":"WebSite","@id":"https:\/\/pacaudvignerons.fr\/#website","url":"https:\/\/pacaudvignerons.fr\/","name":"Domaine Pacaud Vignerons","description":"Deux fr\u00e8res dans leur territoire","publisher":{"@id":"https:\/\/pacaudvignerons.fr\/#organization"},"potentialAction":[{"@type":"SearchAction","target":{"@type":"EntryPoint","urlTemplate":"https:\/\/pacaudvignerons.fr\/?s={search_term_string}"},"query-input":"required name=search_term_string"}],"inLanguage":"en-GB"},{"@type":"Organization","@id":"https:\/\/pacaudvignerons.fr\/#organization","name":"Domaine Pacaud Vignerons","url":"https:\/\/pacaudvignerons.fr\/","logo":{"@type":"ImageObject","inLanguage":"en-GB","@id":"https:\/\/pacaudvignerons.fr\/#\/schema\/logo\/image\/","url":"https:\/\/pacaudvignerons.fr\/wp-content\/uploads\/2023\/02\/cropped-logo-pacaud-line.png","contentUrl":"https:\/\/pacaudvignerons.fr\/wp-content\/uploads\/2023\/02\/cropped-logo-pacaud-line.png","width":512,"height":512,"caption":"Domaine Pacaud Vignerons"},"image":{"@id":"https:\/\/pacaudvignerons.fr\/#\/schema\/logo\/image\/"},"sameAs":["https:\/\/www.facebook.com\/domainepacaudjulien\/","https:\/\/www.instagram.com\/domainepacaud\/"]}]}},"_links":{"self":[{"href":"https:\/\/pacaudvignerons.fr\/en\/wp-json\/wp\/v2\/pages\/72","targetHints":{"allow":["GET"]}}],"collection":[{"href":"https:\/\/pacaudvignerons.fr\/en\/wp-json\/wp\/v2\/pages"}],"about":[{"href":"https:\/\/pacaudvignerons.fr\/en\/wp-json\/wp\/v2\/types\/page"}],"author":[{"embeddable":true,"href":"https:\/\/pacaudvignerons.fr\/en\/wp-json\/wp\/v2\/users\/1"}],"replies":[{"embeddable":true,"href":"https:\/\/pacaudvignerons.fr\/en\/wp-json\/wp\/v2\/comments?post=72"}],"version-history":[{"count":67,"href":"https:\/\/pacaudvignerons.fr\/en\/wp-json\/wp\/v2\/pages\/72\/revisions"}],"predecessor-version":[{"id":123993,"href":"https:\/\/pacaudvignerons.fr\/en\/wp-json\/wp\/v2\/pages\/72\/revisions\/123993"}],"wp:featuredmedia":[{"embeddable":true,"href":"https:\/\/pacaudvignerons.fr\/en\/wp-json\/wp\/v2\/media\/14020"}],"wp:attachment":[{"href":"https:\/\/pacaudvignerons.fr\/en\/wp-json\/wp\/v2\/media?parent=72"}],"curies":[{"name":"wp","href":"https:\/\/api.w.org\/{rel}","templated":true}]}}