{"id":68,"date":"2023-01-11T10:57:04","date_gmt":"2023-01-11T09:57:04","guid":{"rendered":"https:\/\/pacaudvignerons.fr\/?page_id=68"},"modified":"2023-08-10T09:50:53","modified_gmt":"2023-08-10T07:50:53","slug":"deux-freres-dans-leur-territoire","status":"publish","type":"page","link":"https:\/\/pacaudvignerons.fr\/en\/deux-freres-dans-leur-territoire\/","title":{"rendered":"TWO BROTHERS<br>IN THEIR LANDS"},"content":{"rendered":"<div class=\"pacaud__block__text pacaud__block__text__gold\">\n    <div class=\"pacaud__block__text__content\">\n        Chasselas, a small village in southern Burgundy, nestled in the heart of a natural cirque, planted with vines. Just a stone's throw from the Roche de Solutr\u00e9, this is where the Pacaud family put down roots in the middle of the 20th century.    <\/div>\n<\/div>\n\n\n\n<div class=\"pacaud__block__two-columns pacaud__block__two-columns__img-gauche\">\n    <div class=\"pacaud__block__two-columns__text\">\n        <div class=\"pacaud__block__two-columns__text__content\">\n            <p>Our grandparents, Marie-Genevi\u00e8ve and Andr\u00e9, settled in Chasselas in 1954, the year our father Guy was born. They began their mixed farming business with vines and livestock.<\/p>\n<p>It was only natural that Guy should take over the estate at the end of the 1970s. He quickly developed the winegrowing business by planting and buying up vines around the village. He was already working the soil, aware of its importance to the plant.<br \/>\nAt the time, most of the wines were sold in bulk.<\/p>\n        <\/div>\n    <\/div>\n    <div class=\"pacaud__block__two-columns__images\">\n                    <img decoding=\"async\" class=\"pacaud__block__two-columns__images__one\" src=\"https:\/\/pacaudvignerons.fr\/wp-content\/uploads\/2023\/05\/DeuxFrres-OK_bd.jpeg\"\n                 alt=\"\">\n            <\/div>\n<\/div>\n\n\n<div class=\"pacaud__block__text pacaud__block__text__gold--green\">\n    <div class=\"pacaud__block__text__content\">\n        \"We didn't stay in Chasselas by default, we stayed here because we love our village and our region\"    <\/div>\n<\/div>\n\n\n\n<div class=\"pacaud__block__two-columns pacaud__block__two-columns__img-right\">\n    <div class=\"pacaud__block__two-columns__text\">\n        <div class=\"pacaud__block__two-columns__text__content\">\n            <p>From a very early age, we were surrounded by this environment of winegrowers. Each season brought its own pleasures and discoveries: Pruning in winter, when we helped our parents to pull the wood; spring, that magical moment when the buds appear; the hot summer, when we enjoyed the coolness on the edge of the woods that border most of our plots; the blessed period of the grape harvest, when we climbed proudly onto the harvest carts and listened, ears wide open, to the stories of the grape-pickers... As for the autumn, we spent our time with our father in the cellar, listening to the wine and walking along the Chasselas paths...<\/p>\n        <\/div>\n    <\/div>\n    <div class=\"pacaud__block__two-columns__images\">\n                    <img decoding=\"async\" class=\"pacaud__block__two-columns__images__one\" src=\"https:\/\/pacaudvignerons.fr\/wp-content\/uploads\/2023\/08\/MaximeMassa_Pacaud-05622-e1691653845100.jpg\"\n                 alt=\"\">\n            <\/div>\n<\/div>\n\n\n<div class=\"pacaud__block__title-image\">\n    <div class=\"pacaud__block__title-image__img__container\">\n        <img decoding=\"async\" class=\"pacaud__block__title-image__img-left\" src=\"https:\/\/pacaudvignerons.fr\/wp-content\/uploads\/2023\/01\/Rectangle-18.png\"\n             alt=\"\">\n        <img decoding=\"async\" class=\"pacaud__block__title-image__img-right\" src=\"https:\/\/pacaudvignerons.fr\/wp-content\/uploads\/2023\/08\/MaximeMassa_Pacaud-05684.jpg\"\n             alt=\"\">\n    <\/div>\n    <div class=\"pacaud__block__title-image__text\">\n        <div class=\"pacaud__block__title-image__first-line\">\n            Our estate        <\/div>\n        <div class=\"pacaud__block__title-image__second-line\">\n            is still family-run        <\/div>\n    <\/div>\n<\/div>","protected":false},"excerpt":{"rendered":"","protected":false},"author":1,"featured_media":136,"parent":0,"menu_order":0,"comment_status":"closed","ping_status":"closed","template":"","meta":{"footnotes":""},"class_list":["post-68","page","type-page","status-publish","has-post-thumbnail","hentry"],"acf":[],"yoast_head":"<!-- This site is optimized with the Yoast SEO plugin v20.1 - https:\/\/yoast.com\/wordpress\/plugins\/seo\/ -->\n<title>Pacaud Vignerons | Deux fr\u00e8resdans leur territoire<\/title>\n<meta name=\"description\" content=\"Chasselas, village du sud Bourgogne, nich\u00e9 au c\u0153ur des vignes. C&#039;est ici que la famille Pacaud s\u2019est enracin\u00e9e au milieu du XX\u00e8me si\u00e8cle.\" \/>\n<meta name=\"robots\" content=\"index, follow, max-snippet:-1, max-image-preview:large, max-video-preview:-1\" \/>\n<link rel=\"canonical\" href=\"https:\/\/pacaudvignerons.fr\/en\/deux-freres-dans-leur-territoire\/\" \/>\n<meta property=\"og:locale\" content=\"en_GB\" \/>\n<meta property=\"og:type\" content=\"article\" \/>\n<meta property=\"og:title\" content=\"Pacaud Vignerons | Deux fr\u00e8resdans leur territoire\" \/>\n<meta property=\"og:description\" content=\"Chasselas, village du sud Bourgogne, nich\u00e9 au c\u0153ur des vignes. C&#039;est ici que la famille Pacaud s\u2019est enracin\u00e9e au milieu du XX\u00e8me si\u00e8cle.\" \/>\n<meta property=\"og:url\" content=\"https:\/\/pacaudvignerons.fr\/en\/deux-freres-dans-leur-territoire\/\" \/>\n<meta property=\"og:site_name\" content=\"Pacaud Vignerons\" \/>\n<meta property=\"article:publisher\" content=\"https:\/\/www.facebook.com\/domainepacaudjulien\/\" \/>\n<meta property=\"article:modified_time\" content=\"2023-08-10T07:50:53+00:00\" \/>\n<meta property=\"og:image\" content=\"https:\/\/pacaudvignerons.fr\/wp-content\/uploads\/2023\/01\/IMG_5590-scaled-1.jpg\" \/>\n\t<meta property=\"og:image:width\" content=\"2560\" \/>\n\t<meta property=\"og:image:height\" content=\"1707\" \/>\n\t<meta property=\"og:image:type\" content=\"image\/jpeg\" \/>\n<meta name=\"twitter:card\" content=\"summary_large_image\" \/>\n<script type=\"application\/ld+json\" class=\"yoast-schema-graph\">{\"@context\":\"https:\/\/schema.org\",\"@graph\":[{\"@type\":\"WebPage\",\"@id\":\"https:\/\/pacaudvignerons.fr\/deux-freres-dans-leur-territoire\/\",\"url\":\"https:\/\/pacaudvignerons.fr\/deux-freres-dans-leur-territoire\/\",\"name\":\"Pacaud Vignerons | Deux fr\u00e8res dans leur territoire\",\"isPartOf\":{\"@id\":\"https:\/\/pacaudvignerons.fr\/#website\"},\"datePublished\":\"2023-01-11T09:57:04+00:00\",\"dateModified\":\"2023-08-10T07:50:53+00:00\",\"description\":\"Chasselas, village du sud Bourgogne, nich\u00e9 au c\u0153ur des vignes. C'est ici que la famille Pacaud s\u2019est enracin\u00e9e au milieu du XX\u00e8me si\u00e8cle.\",\"breadcrumb\":{\"@id\":\"https:\/\/pacaudvignerons.fr\/deux-freres-dans-leur-territoire\/#breadcrumb\"},\"inLanguage\":\"en-GB\",\"potentialAction\":[{\"@type\":\"ReadAction\",\"target\":[\"https:\/\/pacaudvignerons.fr\/deux-freres-dans-leur-territoire\/\"]}]},{\"@type\":\"BreadcrumbList\",\"@id\":\"https:\/\/pacaudvignerons.fr\/deux-freres-dans-leur-territoire\/#breadcrumb\",\"itemListElement\":[{\"@type\":\"ListItem\",\"position\":1,\"name\":\"Accueil\",\"item\":\"https:\/\/pacaudvignerons.fr\/\"},{\"@type\":\"ListItem\",\"position\":2,\"name\":\"Deux fr\u00e8resdans leur territoire\"}]},{\"@type\":\"WebSite\",\"@id\":\"https:\/\/pacaudvignerons.fr\/#website\",\"url\":\"https:\/\/pacaudvignerons.fr\/\",\"name\":\"Domaine Pacaud Vignerons\",\"description\":\"Deux fr\u00e8res dans leur territoire\",\"publisher\":{\"@id\":\"https:\/\/pacaudvignerons.fr\/#organization\"},\"potentialAction\":[{\"@type\":\"SearchAction\",\"target\":{\"@type\":\"EntryPoint\",\"urlTemplate\":\"https:\/\/pacaudvignerons.fr\/?s={search_term_string}\"},\"query-input\":\"required name=search_term_string\"}],\"inLanguage\":\"en-GB\"},{\"@type\":\"Organization\",\"@id\":\"https:\/\/pacaudvignerons.fr\/#organization\",\"name\":\"Domaine Pacaud Vignerons\",\"url\":\"https:\/\/pacaudvignerons.fr\/\",\"logo\":{\"@type\":\"ImageObject\",\"inLanguage\":\"en-GB\",\"@id\":\"https:\/\/pacaudvignerons.fr\/#\/schema\/logo\/image\/\",\"url\":\"https:\/\/pacaudvignerons.fr\/wp-content\/uploads\/2023\/02\/cropped-logo-pacaud-line.png\",\"contentUrl\":\"https:\/\/pacaudvignerons.fr\/wp-content\/uploads\/2023\/02\/cropped-logo-pacaud-line.png\",\"width\":512,\"height\":512,\"caption\":\"Domaine Pacaud Vignerons\"},\"image\":{\"@id\":\"https:\/\/pacaudvignerons.fr\/#\/schema\/logo\/image\/\"},\"sameAs\":[\"https:\/\/www.facebook.com\/domainepacaudjulien\/\",\"https:\/\/www.instagram.com\/domainepacaud\/\"]}]}<\/script>\n<!-- \/ Yoast SEO plugin. -->","yoast_head_json":{"title":"Pacaud Vignerons | Deux fr\u00e8resdans leur territoire","description":"Chasselas, village du sud Bourgogne, nich\u00e9 au c\u0153ur des vignes. C'est ici que la famille Pacaud s\u2019est enracin\u00e9e au milieu du XX\u00e8me si\u00e8cle.","robots":{"index":"index","follow":"follow","max-snippet":"max-snippet:-1","max-image-preview":"max-image-preview:large","max-video-preview":"max-video-preview:-1"},"canonical":"https:\/\/pacaudvignerons.fr\/en\/deux-freres-dans-leur-territoire\/","og_locale":"en_GB","og_type":"article","og_title":"Pacaud Vignerons | Deux fr\u00e8resdans leur territoire","og_description":"Chasselas, village du sud Bourgogne, nich\u00e9 au c\u0153ur des vignes. C'est ici que la famille Pacaud s\u2019est enracin\u00e9e au milieu du XX\u00e8me si\u00e8cle.","og_url":"https:\/\/pacaudvignerons.fr\/en\/deux-freres-dans-leur-territoire\/","og_site_name":"Pacaud Vignerons","article_publisher":"https:\/\/www.facebook.com\/domainepacaudjulien\/","article_modified_time":"2023-08-10T07:50:53+00:00","og_image":[{"width":2560,"height":1707,"url":"https:\/\/pacaudvignerons.fr\/wp-content\/uploads\/2023\/01\/IMG_5590-scaled-1.jpg","type":"image\/jpeg"}],"twitter_card":"summary_large_image","schema":{"@context":"https:\/\/schema.org","@graph":[{"@type":"WebPage","@id":"https:\/\/pacaudvignerons.fr\/deux-freres-dans-leur-territoire\/","url":"https:\/\/pacaudvignerons.fr\/deux-freres-dans-leur-territoire\/","name":"Pacaud Vignerons | Deux fr\u00e8res dans leur territoire","isPartOf":{"@id":"https:\/\/pacaudvignerons.fr\/#website"},"datePublished":"2023-01-11T09:57:04+00:00","dateModified":"2023-08-10T07:50:53+00:00","description":"Chasselas, village du sud Bourgogne, nich\u00e9 au c\u0153ur des vignes. C'est ici que la famille Pacaud s\u2019est enracin\u00e9e au milieu du XX\u00e8me si\u00e8cle.","breadcrumb":{"@id":"https:\/\/pacaudvignerons.fr\/deux-freres-dans-leur-territoire\/#breadcrumb"},"inLanguage":"en-GB","potentialAction":[{"@type":"ReadAction","target":["https:\/\/pacaudvignerons.fr\/deux-freres-dans-leur-territoire\/"]}]},{"@type":"BreadcrumbList","@id":"https:\/\/pacaudvignerons.fr\/deux-freres-dans-leur-territoire\/#breadcrumb","itemListElement":[{"@type":"ListItem","position":1,"name":"Accueil","item":"https:\/\/pacaudvignerons.fr\/"},{"@type":"ListItem","position":2,"name":"Deux fr\u00e8resdans leur territoire"}]},{"@type":"WebSite","@id":"https:\/\/pacaudvignerons.fr\/#website","url":"https:\/\/pacaudvignerons.fr\/","name":"Domaine Pacaud Vignerons","description":"Deux fr\u00e8res dans leur territoire","publisher":{"@id":"https:\/\/pacaudvignerons.fr\/#organization"},"potentialAction":[{"@type":"SearchAction","target":{"@type":"EntryPoint","urlTemplate":"https:\/\/pacaudvignerons.fr\/?s={search_term_string}"},"query-input":"required name=search_term_string"}],"inLanguage":"en-GB"},{"@type":"Organization","@id":"https:\/\/pacaudvignerons.fr\/#organization","name":"Domaine Pacaud Vignerons","url":"https:\/\/pacaudvignerons.fr\/","logo":{"@type":"ImageObject","inLanguage":"en-GB","@id":"https:\/\/pacaudvignerons.fr\/#\/schema\/logo\/image\/","url":"https:\/\/pacaudvignerons.fr\/wp-content\/uploads\/2023\/02\/cropped-logo-pacaud-line.png","contentUrl":"https:\/\/pacaudvignerons.fr\/wp-content\/uploads\/2023\/02\/cropped-logo-pacaud-line.png","width":512,"height":512,"caption":"Domaine Pacaud Vignerons"},"image":{"@id":"https:\/\/pacaudvignerons.fr\/#\/schema\/logo\/image\/"},"sameAs":["https:\/\/www.facebook.com\/domainepacaudjulien\/","https:\/\/www.instagram.com\/domainepacaud\/"]}]}},"_links":{"self":[{"href":"https:\/\/pacaudvignerons.fr\/en\/wp-json\/wp\/v2\/pages\/68","targetHints":{"allow":["GET"]}}],"collection":[{"href":"https:\/\/pacaudvignerons.fr\/en\/wp-json\/wp\/v2\/pages"}],"about":[{"href":"https:\/\/pacaudvignerons.fr\/en\/wp-json\/wp\/v2\/types\/page"}],"author":[{"embeddable":true,"href":"https:\/\/pacaudvignerons.fr\/en\/wp-json\/wp\/v2\/users\/1"}],"replies":[{"embeddable":true,"href":"https:\/\/pacaudvignerons.fr\/en\/wp-json\/wp\/v2\/comments?post=68"}],"version-history":[{"count":55,"href":"https:\/\/pacaudvignerons.fr\/en\/wp-json\/wp\/v2\/pages\/68\/revisions"}],"predecessor-version":[{"id":14035,"href":"https:\/\/pacaudvignerons.fr\/en\/wp-json\/wp\/v2\/pages\/68\/revisions\/14035"}],"wp:featuredmedia":[{"embeddable":true,"href":"https:\/\/pacaudvignerons.fr\/en\/wp-json\/wp\/v2\/media\/136"}],"wp:attachment":[{"href":"https:\/\/pacaudvignerons.fr\/en\/wp-json\/wp\/v2\/media?parent=68"}],"curies":[{"name":"wp","href":"https:\/\/api.w.org\/{rel}","templated":true}]}}