{"id":10,"date":"2022-12-22T12:00:11","date_gmt":"2022-12-22T11:00:11","guid":{"rendered":"https:\/\/pacaudvignerons.fr\/?page_id=10"},"modified":"2026-04-22T16:48:18","modified_gmt":"2026-04-22T14:48:18","slug":"nos-vins","status":"publish","type":"page","link":"https:\/\/pacaudvignerons.fr\/en\/nos-vins\/","title":{"rendered":"OUR WINES"},"content":{"rendered":"","protected":false},"excerpt":{"rendered":"","protected":false},"author":1,"featured_media":190,"parent":0,"menu_order":0,"comment_status":"closed","ping_status":"closed","template":"","meta":{"footnotes":""},"class_list":["post-10","page","type-page","status-publish","has-post-thumbnail","hentry"],"acf":[],"yoast_head":"<!-- This site is optimized with the Yoast SEO plugin v20.1 - https:\/\/yoast.com\/wordpress\/plugins\/seo\/ -->\n<title>Pacaud Vignerons | Nos vins<\/title>\n<meta name=\"description\" content=\"Nos Pouilly-Fuiss\u00e9, Pouilly-Loch\u00e9, Saint-V\u00e9ran, Saint-Amour et Bougogne en agriculture biologique. H\u00e9ritage et p\u00e9rennit\u00e9 de notre environnement.\" \/>\n<meta name=\"robots\" content=\"index, follow, max-snippet:-1, max-image-preview:large, max-video-preview:-1\" \/>\n<link rel=\"canonical\" href=\"https:\/\/pacaudvignerons.fr\/en\/nos-vins\/\" \/>\n<meta property=\"og:locale\" content=\"en_GB\" \/>\n<meta property=\"og:type\" content=\"article\" \/>\n<meta property=\"og:title\" content=\"Pacaud Vignerons | Nos vins\" \/>\n<meta property=\"og:description\" content=\"Nos Pouilly-Fuiss\u00e9, Pouilly-Loch\u00e9, Saint-V\u00e9ran, Saint-Amour et Bougogne en agriculture biologique. H\u00e9ritage et p\u00e9rennit\u00e9 de notre environnement.\" \/>\n<meta property=\"og:url\" content=\"https:\/\/pacaudvignerons.fr\/en\/nos-vins\/\" \/>\n<meta property=\"og:site_name\" content=\"Pacaud Vignerons\" \/>\n<meta property=\"article:publisher\" content=\"https:\/\/www.facebook.com\/domainepacaudjulien\/\" \/>\n<meta property=\"article:modified_time\" content=\"2026-04-22T14:48:18+00:00\" \/>\n<meta property=\"og:image\" content=\"https:\/\/pacaudvignerons.fr\/wp-content\/uploads\/2023\/01\/Album_Pacaud-VigneronsHD-01997-1-scaled.jpg\" \/>\n\t<meta property=\"og:image:width\" content=\"2560\" \/>\n\t<meta property=\"og:image:height\" content=\"1707\" \/>\n\t<meta property=\"og:image:type\" content=\"image\/jpeg\" \/>\n<meta name=\"twitter:card\" content=\"summary_large_image\" \/>\n<script type=\"application\/ld+json\" class=\"yoast-schema-graph\">{\"@context\":\"https:\/\/schema.org\",\"@graph\":[{\"@type\":\"WebPage\",\"@id\":\"https:\/\/pacaudvignerons.fr\/nos-vins\/\",\"url\":\"https:\/\/pacaudvignerons.fr\/nos-vins\/\",\"name\":\"Pacaud Vignerons | Nos vins\",\"isPartOf\":{\"@id\":\"https:\/\/pacaudvignerons.fr\/#website\"},\"datePublished\":\"2022-12-22T11:00:11+00:00\",\"dateModified\":\"2026-04-22T14:48:18+00:00\",\"description\":\"Nos Pouilly-Fuiss\u00e9, Pouilly-Loch\u00e9, Saint-V\u00e9ran, Saint-Amour et Bougogne en agriculture biologique. H\u00e9ritage et p\u00e9rennit\u00e9 de notre environnement.\",\"breadcrumb\":{\"@id\":\"https:\/\/pacaudvignerons.fr\/nos-vins\/#breadcrumb\"},\"inLanguage\":\"en-GB\",\"potentialAction\":[{\"@type\":\"ReadAction\",\"target\":[\"https:\/\/pacaudvignerons.fr\/nos-vins\/\"]}]},{\"@type\":\"BreadcrumbList\",\"@id\":\"https:\/\/pacaudvignerons.fr\/nos-vins\/#breadcrumb\",\"itemListElement\":[{\"@type\":\"ListItem\",\"position\":1,\"name\":\"Accueil\",\"item\":\"https:\/\/pacaudvignerons.fr\/\"},{\"@type\":\"ListItem\",\"position\":2,\"name\":\"Nos vins\"}]},{\"@type\":\"WebSite\",\"@id\":\"https:\/\/pacaudvignerons.fr\/#website\",\"url\":\"https:\/\/pacaudvignerons.fr\/\",\"name\":\"Domaine Pacaud Vignerons\",\"description\":\"Deux fr\u00e8res dans leur territoire\",\"publisher\":{\"@id\":\"https:\/\/pacaudvignerons.fr\/#organization\"},\"potentialAction\":[{\"@type\":\"SearchAction\",\"target\":{\"@type\":\"EntryPoint\",\"urlTemplate\":\"https:\/\/pacaudvignerons.fr\/?s={search_term_string}\"},\"query-input\":\"required name=search_term_string\"}],\"inLanguage\":\"en-GB\"},{\"@type\":\"Organization\",\"@id\":\"https:\/\/pacaudvignerons.fr\/#organization\",\"name\":\"Domaine Pacaud Vignerons\",\"url\":\"https:\/\/pacaudvignerons.fr\/\",\"logo\":{\"@type\":\"ImageObject\",\"inLanguage\":\"en-GB\",\"@id\":\"https:\/\/pacaudvignerons.fr\/#\/schema\/logo\/image\/\",\"url\":\"https:\/\/pacaudvignerons.fr\/wp-content\/uploads\/2023\/02\/cropped-logo-pacaud-line.png\",\"contentUrl\":\"https:\/\/pacaudvignerons.fr\/wp-content\/uploads\/2023\/02\/cropped-logo-pacaud-line.png\",\"width\":512,\"height\":512,\"caption\":\"Domaine Pacaud Vignerons\"},\"image\":{\"@id\":\"https:\/\/pacaudvignerons.fr\/#\/schema\/logo\/image\/\"},\"sameAs\":[\"https:\/\/www.facebook.com\/domainepacaudjulien\/\",\"https:\/\/www.instagram.com\/domainepacaud\/\"]}]}<\/script>\n<!-- \/ Yoast SEO plugin. -->","yoast_head_json":{"title":"Pacaud Vignerons | Nos vins","description":"Nos Pouilly-Fuiss\u00e9, Pouilly-Loch\u00e9, Saint-V\u00e9ran, Saint-Amour et Bougogne en agriculture biologique. H\u00e9ritage et p\u00e9rennit\u00e9 de notre environnement.","robots":{"index":"index","follow":"follow","max-snippet":"max-snippet:-1","max-image-preview":"max-image-preview:large","max-video-preview":"max-video-preview:-1"},"canonical":"https:\/\/pacaudvignerons.fr\/en\/nos-vins\/","og_locale":"en_GB","og_type":"article","og_title":"Pacaud Vignerons | Nos vins","og_description":"Nos Pouilly-Fuiss\u00e9, Pouilly-Loch\u00e9, Saint-V\u00e9ran, Saint-Amour et Bougogne en agriculture biologique. H\u00e9ritage et p\u00e9rennit\u00e9 de notre environnement.","og_url":"https:\/\/pacaudvignerons.fr\/en\/nos-vins\/","og_site_name":"Pacaud Vignerons","article_publisher":"https:\/\/www.facebook.com\/domainepacaudjulien\/","article_modified_time":"2026-04-22T14:48:18+00:00","og_image":[{"width":2560,"height":1707,"url":"https:\/\/pacaudvignerons.fr\/wp-content\/uploads\/2023\/01\/Album_Pacaud-VigneronsHD-01997-1-scaled.jpg","type":"image\/jpeg"}],"twitter_card":"summary_large_image","schema":{"@context":"https:\/\/schema.org","@graph":[{"@type":"WebPage","@id":"https:\/\/pacaudvignerons.fr\/nos-vins\/","url":"https:\/\/pacaudvignerons.fr\/nos-vins\/","name":"Pacaud Vignerons | Nos vins","isPartOf":{"@id":"https:\/\/pacaudvignerons.fr\/#website"},"datePublished":"2022-12-22T11:00:11+00:00","dateModified":"2026-04-22T14:48:18+00:00","description":"Nos Pouilly-Fuiss\u00e9, Pouilly-Loch\u00e9, Saint-V\u00e9ran, Saint-Amour et Bougogne en agriculture biologique. H\u00e9ritage et p\u00e9rennit\u00e9 de notre environnement.","breadcrumb":{"@id":"https:\/\/pacaudvignerons.fr\/nos-vins\/#breadcrumb"},"inLanguage":"en-GB","potentialAction":[{"@type":"ReadAction","target":["https:\/\/pacaudvignerons.fr\/nos-vins\/"]}]},{"@type":"BreadcrumbList","@id":"https:\/\/pacaudvignerons.fr\/nos-vins\/#breadcrumb","itemListElement":[{"@type":"ListItem","position":1,"name":"Accueil","item":"https:\/\/pacaudvignerons.fr\/"},{"@type":"ListItem","position":2,"name":"Nos vins"}]},{"@type":"WebSite","@id":"https:\/\/pacaudvignerons.fr\/#website","url":"https:\/\/pacaudvignerons.fr\/","name":"Domaine Pacaud Vignerons","description":"Deux fr\u00e8res dans leur territoire","publisher":{"@id":"https:\/\/pacaudvignerons.fr\/#organization"},"potentialAction":[{"@type":"SearchAction","target":{"@type":"EntryPoint","urlTemplate":"https:\/\/pacaudvignerons.fr\/?s={search_term_string}"},"query-input":"required name=search_term_string"}],"inLanguage":"en-GB"},{"@type":"Organization","@id":"https:\/\/pacaudvignerons.fr\/#organization","name":"Domaine Pacaud Vignerons","url":"https:\/\/pacaudvignerons.fr\/","logo":{"@type":"ImageObject","inLanguage":"en-GB","@id":"https:\/\/pacaudvignerons.fr\/#\/schema\/logo\/image\/","url":"https:\/\/pacaudvignerons.fr\/wp-content\/uploads\/2023\/02\/cropped-logo-pacaud-line.png","contentUrl":"https:\/\/pacaudvignerons.fr\/wp-content\/uploads\/2023\/02\/cropped-logo-pacaud-line.png","width":512,"height":512,"caption":"Domaine Pacaud Vignerons"},"image":{"@id":"https:\/\/pacaudvignerons.fr\/#\/schema\/logo\/image\/"},"sameAs":["https:\/\/www.facebook.com\/domainepacaudjulien\/","https:\/\/www.instagram.com\/domainepacaud\/"]}]}},"_links":{"self":[{"href":"https:\/\/pacaudvignerons.fr\/en\/wp-json\/wp\/v2\/pages\/10","targetHints":{"allow":["GET"]}}],"collection":[{"href":"https:\/\/pacaudvignerons.fr\/en\/wp-json\/wp\/v2\/pages"}],"about":[{"href":"https:\/\/pacaudvignerons.fr\/en\/wp-json\/wp\/v2\/types\/page"}],"author":[{"embeddable":true,"href":"https:\/\/pacaudvignerons.fr\/en\/wp-json\/wp\/v2\/users\/1"}],"replies":[{"embeddable":true,"href":"https:\/\/pacaudvignerons.fr\/en\/wp-json\/wp\/v2\/comments?post=10"}],"version-history":[{"count":54,"href":"https:\/\/pacaudvignerons.fr\/en\/wp-json\/wp\/v2\/pages\/10\/revisions"}],"predecessor-version":[{"id":124131,"href":"https:\/\/pacaudvignerons.fr\/en\/wp-json\/wp\/v2\/pages\/10\/revisions\/124131"}],"wp:featuredmedia":[{"embeddable":true,"href":"https:\/\/pacaudvignerons.fr\/en\/wp-json\/wp\/v2\/media\/190"}],"wp:attachment":[{"href":"https:\/\/pacaudvignerons.fr\/en\/wp-json\/wp\/v2\/media?parent=10"}],"curies":[{"name":"wp","href":"https:\/\/api.w.org\/{rel}","templated":true}]}}